{"id":165,"date":"2023-08-16T11:55:52","date_gmt":"2023-08-16T08:55:52","guid":{"rendered":"https:\/\/ajokykyarvio.fi\/?page_id=165"},"modified":"2024-11-26T13:34:03","modified_gmt":"2024-11-26T11:34:03","slug":"hinnasto-seppo-tuumi","status":"publish","type":"page","link":"https:\/\/ajokykyarvio.fi\/index.php\/hinnasto-seppo-tuumi\/","title":{"rendered":"Hinnasto Seppo Tuumi"},"content":{"rendered":"<div id=\"pl-165\"  class=\"panel-layout\" ><div id=\"pg-165-0\"  class=\"panel-grid panel-has-style\" ><div class=\"siteorigin-panels-stretch panel-row-style panel-row-style-for-165-0\" data-siteorigin-parallax=\"{&quot;backgroundUrl&quot;:&quot;https:\\\/\\\/ajokykyarvio.fi\\\/wp-content\\\/uploads\\\/2023\\\/08\\\/ikaihminen.jpg&quot;,&quot;backgroundSize&quot;:[2048,1152],&quot;backgroundSizing&quot;:&quot;scaled&quot;,&quot;limitMotion&quot;:&quot;auto&quot;}\" data-stretch-type=\"full-stretched\" ><div id=\"pgc-165-0-0\"  class=\"panel-grid-cell\" ><div id=\"panel-165-0-0-0\" class=\"so-panel widget widget_sow-headline panel-first-child panel-last-child\" data-index=\"0\" ><div class=\"panel-widget-style panel-widget-style-for-165-0-0-0\" ><div class=\"so-widget-sow-headline so-widget-sow-headline-default-f687ebe5d325 so-widget-fittext-wrapper\" data-fit-text-compressor=\"0.85\"><div class=\"sow-headline-container \">\n\t<h1 class='sow-headline'>Seppo Tuumi<\/h1><p class='sow-sub-headline'>Seppo Tuumi - Yli 20 vuoden vankka kokemus ja useita satoja arviointeja. Pori, Rauma ja Satakunnan alue<\/p><\/div><\/div><\/div><\/div><\/div><\/div><\/div><div id=\"pg-165-1\"  class=\"panel-grid panel-has-style\" ><div class=\"panel-row-style panel-row-style-for-165-1\" ><div id=\"pgc-165-1-0\"  class=\"panel-grid-cell\" ><div id=\"panel-165-1-0-0\" class=\"so-panel widget widget_sow-headline panel-first-child panel-last-child\" data-index=\"1\" ><div class=\"so-widget-sow-headline so-widget-sow-headline-default-d78de310a2d5 so-widget-fittext-wrapper\" data-fit-text-compressor=\"0.85\"><div class=\"sow-headline-container \">\n\t<h2 class='sow-headline'>Kuljettajalle tutussa ymp\u00e4rist\u00f6ss\u00e4 ja oikeassa ajotilanteessa tapahtuvaa rentoa arviointia<\/h2>\t\t\t\t\t<div class=\"decoration\">\n\t\t\t\t\t\t<div class=\"decoration-inside\"><\/div>\n\t\t\t\t\t<\/div>\n\t\t\t\t\t<h3 class='sow-sub-headline'>Toimintamme perustuu vuosien kokemukseen ja ajoterveyden arvioinnin erityisosaamiseen yhteisty\u00f6ss\u00e4 paikallisten l\u00e4\u00e4k\u00e4reiden kanssa. Olemme ajokyvyn arviointiin erikoistuneita liikenneopettajia ja toimimme valtakunnallisesti.<\/h3><\/div><\/div><\/div><\/div><\/div><\/div><div id=\"pg-165-2\"  class=\"panel-grid panel-has-style\" ><div class=\"siteorigin-panels-stretch panel-row-style panel-row-style-for-165-2\" data-stretch-type=\"full-stretched\" ><div id=\"pgc-165-2-0\"  class=\"panel-grid-cell\" ><div class=\"panel-cell-style panel-cell-style-for-165-2-0\" ><div id=\"panel-165-2-0-0\" class=\"so-panel widget widget_siteorigin-panels-builder panel-first-child panel-last-child\" data-index=\"2\" ><div id=\"pl-w6745b22bbc93e\"  class=\"panel-layout\" ><div id=\"pg-w6745b22bbc93e-0\"  class=\"panel-grid panel-no-style\" ><div id=\"pgc-w6745b22bbc93e-0-0\"  class=\"panel-grid-cell\" ><div id=\"panel-w6745b22bbc93e-0-0-0\" class=\"so-panel widget widget_sow-headline panel-first-child panel-last-child\" data-index=\"0\" ><div class=\"so-widget-sow-headline so-widget-sow-headline-default-1f2a2ae3eedc so-widget-fittext-wrapper\" data-fit-text-compressor=\"0.85\"><div class=\"sow-headline-container \">\n\t<h2 class='sow-headline'>Hinnasto<\/h2><p class='sow-sub-headline'>Ajokyvyn arviointi ja lausunto l\u00e4\u00e4k\u00e4rille: <br \/>235\u20ac Pori <br \/>275\u20ac Maakunnat <br \/><br \/>Vireystilan arviointi ja lausunto l\u00e4\u00e4k\u00e4rille: <br \/>335\u20ac Pori <\/p><\/div><\/div><\/div><\/div><\/div><div id=\"pg-w6745b22bbc93e-1\"  class=\"panel-grid panel-no-style\" ><div id=\"pgc-w6745b22bbc93e-1-0\"  class=\"panel-grid-cell\" ><div id=\"panel-w6745b22bbc93e-1-0-0\" class=\"so-panel widget widget_sow-button panel-first-child panel-last-child\" data-index=\"1\" ><div class=\"so-widget-sow-button so-widget-sow-button-wire-4316b11b27df\"><div class=\"ow-button-base ow-button-align-left\">\n\t<a href=\"tel:0400590145\" class=\"ow-icon-placement-left ow-button-hover\" \t\t>\n\t\t<span>\n\t\t\t\n\t\t\tVaraa aika: 0400 590 145\t\t<\/span>\n\t<\/a>\n<\/div>\n<\/div><\/div><\/div><\/div><\/div><\/div><\/div><\/div><div id=\"pgc-165-2-1\"  class=\"panel-grid-cell\" ><div id=\"panel-165-2-1-0\" class=\"so-panel widget widget_sow-image panel-first-child panel-last-child\" data-index=\"3\" ><div class=\"so-widget-sow-image so-widget-sow-image-default-a9233c2d49bb\">\n\n<div class=\"sow-image-container\">\n\t<img src=\"https:\/\/ajokykyarvio.fi\/wp-content\/uploads\/2023\/08\/ikaihminen2.jpg\" width=\"1200\" height=\"740\" srcset=\"https:\/\/ajokykyarvio.fi\/wp-content\/uploads\/2023\/08\/ikaihminen2.jpg 1200w, https:\/\/ajokykyarvio.fi\/wp-content\/uploads\/2023\/08\/ikaihminen2-300x185.jpg 300w, https:\/\/ajokykyarvio.fi\/wp-content\/uploads\/2023\/08\/ikaihminen2-1024x631.jpg 1024w, https:\/\/ajokykyarvio.fi\/wp-content\/uploads\/2023\/08\/ikaihminen2-768x474.jpg 768w, https:\/\/ajokykyarvio.fi\/wp-content\/uploads\/2023\/08\/ikaihminen2-97x60.jpg 97w, https:\/\/ajokykyarvio.fi\/wp-content\/uploads\/2023\/08\/ikaihminen2-810x500.jpg 810w\" sizes=\"(max-width: 1200px) 100vw, 1200px\" alt=\"\" \t\tclass=\"so-widget-image\"\/>\n<\/div>\n\n<\/div><\/div><\/div><\/div><\/div><\/div>","protected":false},"excerpt":{"rendered":"<p>Seppo TuumiSeppo Tuumi &#8211; Yli 20 vuoden vankka kokemus ja useita satoja arviointeja. Pori, Rauma ja Satakunnan alue Kuljettajalle tutussa ymp\u00e4rist\u00f6ss\u00e4 ja oikeassa ajotilanteessa tapahtuvaa rentoa arviointia Toimintamme perustuu vuosien kokemukseen ja ajoterveyden arvioinnin erityisosaamiseen yhteisty\u00f6ss\u00e4 paikallisten l\u00e4\u00e4k\u00e4reiden kanssa. Olemme ajokyvyn arviointiin erikoistuneita liikenneopettajia ja toimimme valtakunnallisesti. HinnastoAjokyvyn arviointi ja lausunto l\u00e4\u00e4k\u00e4rille: 235\u20ac Pori 275\u20ac &hellip; <\/p>\n","protected":false},"author":1,"featured_media":0,"parent":0,"menu_order":0,"comment_status":"closed","ping_status":"closed","template":"","meta":[],"_links":{"self":[{"href":"https:\/\/ajokykyarvio.fi\/index.php\/wp-json\/wp\/v2\/pages\/165"}],"collection":[{"href":"https:\/\/ajokykyarvio.fi\/index.php\/wp-json\/wp\/v2\/pages"}],"about":[{"href":"https:\/\/ajokykyarvio.fi\/index.php\/wp-json\/wp\/v2\/types\/page"}],"author":[{"embeddable":true,"href":"https:\/\/ajokykyarvio.fi\/index.php\/wp-json\/wp\/v2\/users\/1"}],"replies":[{"embeddable":true,"href":"https:\/\/ajokykyarvio.fi\/index.php\/wp-json\/wp\/v2\/comments?post=165"}],"version-history":[{"count":84,"href":"https:\/\/ajokykyarvio.fi\/index.php\/wp-json\/wp\/v2\/pages\/165\/revisions"}],"predecessor-version":[{"id":309,"href":"https:\/\/ajokykyarvio.fi\/index.php\/wp-json\/wp\/v2\/pages\/165\/revisions\/309"}],"wp:attachment":[{"href":"https:\/\/ajokykyarvio.fi\/index.php\/wp-json\/wp\/v2\/media?parent=165"}],"curies":[{"name":"wp","href":"https:\/\/api.w.org\/{rel}","templated":true}]}}