{"id":246,"date":"2023-08-16T14:32:19","date_gmt":"2023-08-16T11:32:19","guid":{"rendered":"https:\/\/ajokykyarvio.fi\/?page_id=246"},"modified":"2024-08-20T12:40:56","modified_gmt":"2024-08-20T09:40:56","slug":"hinnasto-jouni-koli","status":"publish","type":"page","link":"https:\/\/ajokykyarvio.fi\/index.php\/hinnasto-jouni-koli\/","title":{"rendered":"Hinnasto &#8211; Jouni Koli"},"content":{"rendered":"<div id=\"pl-246\"  class=\"panel-layout\" ><div id=\"pg-246-0\"  class=\"panel-grid panel-has-style\" ><div class=\"siteorigin-panels-stretch panel-row-style panel-row-style-for-246-0\" data-siteorigin-parallax=\"{&quot;backgroundUrl&quot;:&quot;https:\\\/\\\/ajokykyarvio.fi\\\/wp-content\\\/uploads\\\/2023\\\/08\\\/ikaihminen.jpg&quot;,&quot;backgroundSize&quot;:[2048,1152],&quot;backgroundSizing&quot;:&quot;scaled&quot;,&quot;limitMotion&quot;:&quot;auto&quot;}\" data-stretch-type=\"full-stretched\" ><div id=\"pgc-246-0-0\"  class=\"panel-grid-cell\" ><div id=\"panel-246-0-0-0\" class=\"so-panel widget widget_sow-headline panel-first-child panel-last-child\" data-index=\"0\" ><div class=\"panel-widget-style panel-widget-style-for-246-0-0-0\" ><div class=\"so-widget-sow-headline so-widget-sow-headline-default-f687ebe5d325 so-widget-fittext-wrapper\" data-fit-text-compressor=\"0.85\"><div class=\"sow-headline-container \">\n\t<h1 class='sow-headline'>Jouni Koli<\/h1><p class='sow-sub-headline'>Jouni Koli - Yli 20 vuoden vankka kokemus ja useita satoja arviointeja. Varsinais-Suomi, Raasepori, Hanko, Lohja<\/p><\/div><\/div><\/div><\/div><\/div><\/div><\/div><div id=\"pg-246-1\"  class=\"panel-grid panel-has-style\" ><div class=\"panel-row-style panel-row-style-for-246-1\" ><div id=\"pgc-246-1-0\"  class=\"panel-grid-cell\" ><div id=\"panel-246-1-0-0\" class=\"so-panel widget widget_sow-headline panel-first-child panel-last-child\" data-index=\"1\" ><div class=\"so-widget-sow-headline so-widget-sow-headline-default-d78de310a2d5 so-widget-fittext-wrapper\" data-fit-text-compressor=\"0.85\"><div class=\"sow-headline-container \">\n\t<h2 class='sow-headline'>Kuljettajalle tutussa ymp\u00e4rist\u00f6ss\u00e4 ja oikeassa ajotilanteessa tapahtuvaa rentoa arviointia<\/h2>\t\t\t\t\t<div class=\"decoration\">\n\t\t\t\t\t\t<div class=\"decoration-inside\"><\/div>\n\t\t\t\t\t<\/div>\n\t\t\t\t\t<h3 class='sow-sub-headline'>Toimintamme perustuu vuosien kokemukseen ja ajoterveyden arvioinnin erityisosaamiseen yhteisty\u00f6ss\u00e4 paikallisten l\u00e4\u00e4k\u00e4reiden kanssa. Olemme ajokyvyn arviointiin erikoistuneita liikenneopettajia ja toimimme valtakunnallisesti.<\/h3><\/div><\/div><\/div><\/div><\/div><\/div><div id=\"pg-246-2\"  class=\"panel-grid panel-has-style\" ><div class=\"siteorigin-panels-stretch panel-row-style panel-row-style-for-246-2\" data-stretch-type=\"full-stretched\" ><div id=\"pgc-246-2-0\"  class=\"panel-grid-cell\" ><div class=\"panel-cell-style panel-cell-style-for-246-2-0\" ><div id=\"panel-246-2-0-0\" class=\"so-panel widget widget_siteorigin-panels-builder panel-first-child panel-last-child\" data-index=\"2\" ><div id=\"pl-w66c464a8242aa\"  class=\"panel-layout\" ><div id=\"pg-w66c464a8242aa-0\"  class=\"panel-grid panel-no-style\" ><div id=\"pgc-w66c464a8242aa-0-0\"  class=\"panel-grid-cell\" ><div id=\"panel-w66c464a8242aa-0-0-0\" class=\"so-panel widget widget_sow-headline panel-first-child panel-last-child\" data-index=\"0\" ><div class=\"so-widget-sow-headline so-widget-sow-headline-default-1f2a2ae3eedc so-widget-fittext-wrapper\" data-fit-text-compressor=\"0.85\"><div class=\"sow-headline-container \">\n\t<h2 class='sow-headline'>Hinnasto<\/h2><p class='sow-sub-headline'>Tervysperusteiset ajokyvyn arvioinnit alkaen 235\u20ac <br \/>Vireystilan arvioinnit 355\u20ac <br \/>Apulaitekartoitukset 355\u20ac <br \/>(Sis\u00e4lt\u00e4\u00e4 my\u00f6s ajokyvyn arvioinnin liikenteess\u00e4.)<\/p><\/div><\/div><\/div><\/div><\/div><div id=\"pg-w66c464a8242aa-1\"  class=\"panel-grid panel-no-style\" ><div id=\"pgc-w66c464a8242aa-1-0\"  class=\"panel-grid-cell\" ><div id=\"panel-w66c464a8242aa-1-0-0\" class=\"so-panel widget widget_sow-button panel-first-child panel-last-child\" data-index=\"1\" ><div class=\"so-widget-sow-button so-widget-sow-button-wire-4316b11b27df\"><div class=\"ow-button-base ow-button-align-left\">\n\t<a href=\"tel:0400823535\" class=\"ow-icon-placement-left ow-button-hover\" \t\t>\n\t\t<span>\n\t\t\t\n\t\t\tVaraa aika: 0400 823 535\t\t<\/span>\n\t<\/a>\n<\/div>\n<\/div><\/div><\/div><\/div><\/div><\/div><\/div><\/div><div id=\"pgc-246-2-1\"  class=\"panel-grid-cell\" ><div id=\"panel-246-2-1-0\" class=\"so-panel widget widget_sow-image panel-first-child panel-last-child\" data-index=\"3\" ><div class=\"so-widget-sow-image so-widget-sow-image-default-a9233c2d49bb\">\n\n<div class=\"sow-image-container\">\n\t<img src=\"https:\/\/ajokykyarvio.fi\/wp-content\/uploads\/2023\/08\/ikaihminen2.jpg\" width=\"1200\" height=\"740\" srcset=\"https:\/\/ajokykyarvio.fi\/wp-content\/uploads\/2023\/08\/ikaihminen2.jpg 1200w, https:\/\/ajokykyarvio.fi\/wp-content\/uploads\/2023\/08\/ikaihminen2-300x185.jpg 300w, https:\/\/ajokykyarvio.fi\/wp-content\/uploads\/2023\/08\/ikaihminen2-1024x631.jpg 1024w, https:\/\/ajokykyarvio.fi\/wp-content\/uploads\/2023\/08\/ikaihminen2-768x474.jpg 768w, https:\/\/ajokykyarvio.fi\/wp-content\/uploads\/2023\/08\/ikaihminen2-97x60.jpg 97w, https:\/\/ajokykyarvio.fi\/wp-content\/uploads\/2023\/08\/ikaihminen2-810x500.jpg 810w\" sizes=\"(max-width: 1200px) 100vw, 1200px\" alt=\"\" \t\tclass=\"so-widget-image\"\/>\n<\/div>\n\n<\/div><\/div><\/div><\/div><\/div><\/div>","protected":false},"excerpt":{"rendered":"<p>Jouni KoliJouni Koli &#8211; Yli 20 vuoden vankka kokemus ja useita satoja arviointeja. Varsinais-Suomi, Raasepori, Hanko, Lohja Kuljettajalle tutussa ymp\u00e4rist\u00f6ss\u00e4 ja oikeassa ajotilanteessa tapahtuvaa rentoa arviointia Toimintamme perustuu vuosien kokemukseen ja ajoterveyden arvioinnin erityisosaamiseen yhteisty\u00f6ss\u00e4 paikallisten l\u00e4\u00e4k\u00e4reiden kanssa. Olemme ajokyvyn arviointiin erikoistuneita liikenneopettajia ja toimimme valtakunnallisesti. HinnastoTervysperusteiset ajokyvyn arvioinnit alkaen 235\u20ac Vireystilan arvioinnit 355\u20ac Apulaitekartoitukset &hellip; <\/p>\n","protected":false},"author":1,"featured_media":0,"parent":0,"menu_order":0,"comment_status":"closed","ping_status":"closed","template":"","meta":[],"_links":{"self":[{"href":"https:\/\/ajokykyarvio.fi\/index.php\/wp-json\/wp\/v2\/pages\/246"}],"collection":[{"href":"https:\/\/ajokykyarvio.fi\/index.php\/wp-json\/wp\/v2\/pages"}],"about":[{"href":"https:\/\/ajokykyarvio.fi\/index.php\/wp-json\/wp\/v2\/types\/page"}],"author":[{"embeddable":true,"href":"https:\/\/ajokykyarvio.fi\/index.php\/wp-json\/wp\/v2\/users\/1"}],"replies":[{"embeddable":true,"href":"https:\/\/ajokykyarvio.fi\/index.php\/wp-json\/wp\/v2\/comments?post=246"}],"version-history":[{"count":24,"href":"https:\/\/ajokykyarvio.fi\/index.php\/wp-json\/wp\/v2\/pages\/246\/revisions"}],"predecessor-version":[{"id":304,"href":"https:\/\/ajokykyarvio.fi\/index.php\/wp-json\/wp\/v2\/pages\/246\/revisions\/304"}],"wp:attachment":[{"href":"https:\/\/ajokykyarvio.fi\/index.php\/wp-json\/wp\/v2\/media?parent=246"}],"curies":[{"name":"wp","href":"https:\/\/api.w.org\/{rel}","templated":true}]}}