{"id":3,"date":"2020-11-19T23:04:52","date_gmt":"2020-11-19T21:04:52","guid":{"rendered":"http:\/\/ajokykyarvio.fi\/?page_id=3"},"modified":"2020-12-28T13:26:40","modified_gmt":"2020-12-28T11:26:40","slug":"tietosuojaseloste","status":"publish","type":"page","link":"https:\/\/ajokykyarvio.fi\/index.php\/tietosuojaseloste\/","title":{"rendered":"Tietosuojaseloste"},"content":{"rendered":"\r\n\r\n\r\n<h3>Emme ker\u00e4\u00e4 tai s\u00e4ilyt\u00e4 k\u00e4ytt\u00e4j\u00e4n henkil\u00f6tietoja t\u00e4ll\u00e4 sivustolla.<\/h3>\r\n<h3>Ev\u00e4steet<\/h3>\r\n\r\n\r\n\r\n<p><strong>TIIVISTELM\u00c4<\/strong><br \/>Sivustolla k\u00e4ytet\u00e4\u00e4n ev\u00e4steit\u00e4 mm. sivuston toiminnallisuuksien mahdollistamiseen. K\u00e4ytt\u00e4j\u00e4 voi halutessaan est\u00e4\u00e4 tai tyhjent\u00e4\u00e4 ev\u00e4steet selaimen asetusten avulla. K\u00e4ytt\u00e4j\u00e4n jatkettua sivuston selaamista h\u00e4nelle annetun informaation ja tarjottujen vaikutusmahdollisuuksien j\u00e4lkeen, k\u00e4ytt\u00e4j\u00e4 hyv\u00e4ksyy ev\u00e4steiden asettamisen.<\/p>\r\n<p><strong>EV\u00c4STEIDEN K\u00c4YTT\u00d6<\/strong><br \/>Ev\u00e4ste on pieni nimet\u00f6n k\u00e4ytt\u00e4j\u00e4kohtainen tekstitiedosto, joka tallentuu k\u00e4ytt\u00e4j\u00e4n verkkoselaimeen. Ev\u00e4ste sis\u00e4lt\u00e4\u00e4 yksil\u00f6llisen tunnisteen, jonka avulla voidaan tunnistaa sivustolla vieraileva verkkoselain (esim. k\u00e4ytt\u00e4j\u00e4n palatessa aiemmin vierailemalleen sivustolle). Ev\u00e4stett\u00e4 voi my\u00f6hemmin k\u00e4ytt\u00e4\u00e4 vain sen tallentanut palvelin, eik\u00e4 siit\u00e4 aiheudu vahinkoa k\u00e4ytt\u00e4j\u00e4n laitteelle. Pelk\u00e4n ev\u00e4steen avulla ei voida tunnistaa k\u00e4ytt\u00e4j\u00e4\u00e4 henkil\u00f6kohtaisesti.<\/p>\r\n<p><strong>Ker\u00e4\u00e4mme ev\u00e4steiden avulla tietoja siit\u00e4, miten ja milloin sivustoamme k\u00e4ytet\u00e4\u00e4n.<\/strong><\/p>\r\n<p>Ev\u00e4steet jaetaan l\u00e4ht\u00f6kohtaisesti istuntokohtaisiin ja pysyviin ev\u00e4steisiin, istuntokohtaiset ev\u00e4steet vanhenevat k\u00e4ytt\u00e4j\u00e4n lopettaessa web-palvelun, pysyv\u00e4t ev\u00e4steet s\u00e4ilyv\u00e4t selaimessa tietyn aikaa tai kunnes k\u00e4ytt\u00e4j\u00e4 poistaa ne. Ev\u00e4steet helpottavat sivustojen k\u00e4ytt\u00f6\u00e4 ja mahdollistavat tiettyj\u00e4 toiminnallisuuksia, kuten istunnon muistamisen, sivustojen k\u00e4ytt\u00e4j\u00e4kohtaisen personoinnin ja helpon tunnistautumisen palveluun.<\/p>\r\n<p><strong>K\u00c4YTT\u00d6TARKOITUKSET<\/strong><br \/>K\u00e4yt\u00e4mme ev\u00e4steit\u00e4 palveluidemme toiminnallisuuksien mahdollistamiseen, sivuston k\u00e4yt\u00f6n analysointiin ja k\u00e4ytt\u00f6kokemuksen optimointiin, tuotekehitykseen ja raportointiin. Ev\u00e4steiden avulla palvelujemme k\u00e4ytt\u00f6 on k\u00e4ytt\u00e4j\u00e4lle helpompaa.<\/p>\r\n<p><strong>VAIKUTUSMAHDOLLISUUDET<\/strong><br \/>K\u00e4ytt\u00e4m\u00e4ll\u00e4 verkkosivujamme annat suostumuksesi edell\u00e4 kuvatun kaltaiseen tietojenk\u00e4sittelyyn. Voit halutessasi est\u00e4\u00e4 ev\u00e4steiden k\u00e4yt\u00f6n tai selata sivustoja yksityisell\u00e4 selauksella (\u201dPrivate Browsing\u201d, \u201dIncognito\u201d tai \u201dInPrivate\u201d) niin, ettei sivuista, joilla olet k\u00e4ynyt, tallenneta tietoja ev\u00e4steiden avulla. Huomioithan kuitenkin, ett\u00e4 monet internet-sivustot eiv\u00e4t toimi kunnolla ilman ev\u00e4steit\u00e4.<\/p>\r\n<p>Voit tyhjent\u00e4\u00e4 ev\u00e4stehistorian verkkoselaimen asetuksista. T\u00e4ll\u00f6in verkkoselaimeen tallennettu tunniste sek\u00e4 siihen perustuva verkkok\u00e4ytt\u00e4ytymisprofiili poistuu. Toimenpide ei est\u00e4 uusien ev\u00e4steiden tallentumista selaimeen. Lis\u00e4tietoja ev\u00e4steiden poistamisesta ja est\u00e4misest\u00e4 saa k\u00e4ytt\u00e4m\u00e4si selaimen valmistajan ohjeista.<\/p>\r\n<p>Huomioithan, ett\u00e4 ev\u00e4steisiin liittyv\u00e4t valinnat ovat selainkohtaisia eli jos k\u00e4yt\u00f6ss\u00e4si on useampi selain ja\/tai p\u00e4\u00e4telaite, joudut tekem\u00e4\u00e4n valinnat niiden osalta yksitellen.<\/p>\r\n\r\n\r\n\r\n<h3>Muilta sivustoilta upotettu sis\u00e4lt\u00f6<\/h3>\r\n\r\n\r\n\r\n<p>T\u00e4m\u00e4n sivuston artikkelit voivat sis\u00e4lt\u00e4\u00e4 upotettua sis\u00e4lt\u00f6\u00e4 (esimerkiksi videoita, kuvia, artikkeleita jne.). Toisilta sivustoilta tuodun upotetun sis\u00e4ll\u00f6n avaaminen on verrattavissa siihen, ett\u00e4 vierailija itse k\u00e4visi kolmannen osapuolen sivustolla.<\/p>\r\n\r\n\r\n\r\n<p>N\u00e4m\u00e4 sivustot voivat ker\u00e4t\u00e4 tietoa sinusta, k\u00e4ytt\u00e4\u00e4 ev\u00e4steit\u00e4, upottaa kolmannen osapuolen seurantaev\u00e4steit\u00e4 ja monitoroida vuorovaikutustasi upotetun sis\u00e4ll\u00f6n kanssa, mukaan lukien vuorovaikutuksen seuranta jos ja kun olet kirjautunut k\u00e4ytt\u00e4j\u00e4n\u00e4 sivustolle.<\/p>\r\n\r\n\r\n\r\n\r\n","protected":false},"excerpt":{"rendered":"<p>Emme ker\u00e4\u00e4 tai s\u00e4ilyt\u00e4 k\u00e4ytt\u00e4j\u00e4n henkil\u00f6tietoja t\u00e4ll\u00e4 sivustolla. Ev\u00e4steet TIIVISTELM\u00c4Sivustolla k\u00e4ytet\u00e4\u00e4n ev\u00e4steit\u00e4 mm. sivuston toiminnallisuuksien mahdollistamiseen. K\u00e4ytt\u00e4j\u00e4 voi halutessaan est\u00e4\u00e4 tai tyhjent\u00e4\u00e4 ev\u00e4steet selaimen asetusten avulla. K\u00e4ytt\u00e4j\u00e4n jatkettua sivuston selaamista h\u00e4nelle annetun informaation ja tarjottujen vaikutusmahdollisuuksien j\u00e4lkeen, k\u00e4ytt\u00e4j\u00e4 hyv\u00e4ksyy ev\u00e4steiden asettamisen. EV\u00c4STEIDEN K\u00c4YTT\u00d6Ev\u00e4ste on pieni nimet\u00f6n k\u00e4ytt\u00e4j\u00e4kohtainen tekstitiedosto, joka tallentuu k\u00e4ytt\u00e4j\u00e4n verkkoselaimeen. Ev\u00e4ste sis\u00e4lt\u00e4\u00e4 yksil\u00f6llisen &hellip; <\/p>\n","protected":false},"author":1,"featured_media":0,"parent":0,"menu_order":0,"comment_status":"closed","ping_status":"open","template":"","meta":[],"_links":{"self":[{"href":"https:\/\/ajokykyarvio.fi\/index.php\/wp-json\/wp\/v2\/pages\/3"}],"collection":[{"href":"https:\/\/ajokykyarvio.fi\/index.php\/wp-json\/wp\/v2\/pages"}],"about":[{"href":"https:\/\/ajokykyarvio.fi\/index.php\/wp-json\/wp\/v2\/types\/page"}],"author":[{"embeddable":true,"href":"https:\/\/ajokykyarvio.fi\/index.php\/wp-json\/wp\/v2\/users\/1"}],"replies":[{"embeddable":true,"href":"https:\/\/ajokykyarvio.fi\/index.php\/wp-json\/wp\/v2\/comments?post=3"}],"version-history":[{"count":3,"href":"https:\/\/ajokykyarvio.fi\/index.php\/wp-json\/wp\/v2\/pages\/3\/revisions"}],"predecessor-version":[{"id":126,"href":"https:\/\/ajokykyarvio.fi\/index.php\/wp-json\/wp\/v2\/pages\/3\/revisions\/126"}],"wp:attachment":[{"href":"https:\/\/ajokykyarvio.fi\/index.php\/wp-json\/wp\/v2\/media?parent=3"}],"curies":[{"name":"wp","href":"https:\/\/api.w.org\/{rel}","templated":true}]}}