{"id":5,"date":"2020-11-19T23:13:41","date_gmt":"2020-11-19T21:13:41","guid":{"rendered":"http:\/\/ajokykyarvio.fi\/?page_id=5"},"modified":"2021-01-07T14:38:34","modified_gmt":"2021-01-07T12:38:34","slug":"etusivu","status":"publish","type":"page","link":"https:\/\/ajokykyarvio.fi\/","title":{"rendered":"Etusivu"},"content":{"rendered":"\r\n<p>&nbsp;<\/p>\r\n<h1>Ajokyvyn arvioinnit Suomessa<\/h1>\r\n<p>Toimintamme perustuu vuosien kokemukseen ja ajoterveyden arvioinnin erityisosaamiseen yhteisty\u00f6ss\u00e4 paikallisten l\u00e4\u00e4k\u00e4reiden kanssa. Olemme ajokyvyn arviointiin erikoistuneita liikenneopettajia ja toimimme valtakunnallisesti. Teemme tutussa ymp\u00e4rist\u00f6ss\u00e4 ja oikeassa ajotilanteessa tapahtuvaa arviointia, jossa selvitet\u00e4\u00e4n kuljettajan toimintakyky turvalliseen ajamiseen. Oikeassa liikenneymp\u00e4rist\u00f6ss\u00e4 teht\u00e4v\u00e4ss\u00e4 ajotilanteessa varmistetaan, ett\u00e4 kuljettaja hallitsee liikennes\u00e4\u00e4nn\u00f6t ja selvitet\u00e4\u00e4n kuljettajan toimintakyky turvalliseen ajamiseen liikenteess\u00e4. L\u00e4\u00e4k\u00e4ri saa ajokyvyn arvioinnista lausunnon p\u00e4\u00e4t\u00f6ksenteon tueksi.<\/p>\r\n<p>&nbsp;<\/p>\r\n<h2>Milloin ajokyky olisi tutkittava?<\/h2>\r\n<p>L\u00e4\u00e4k\u00e4rill\u00e4 ei ole aina vastaanottotilanteessa mahdollisuutta omilla tutkimuksilla saada luotettavaa selvityst\u00e4 potilaan ajoterveydest\u00e4. L\u00e4\u00e4k\u00e4rin tekem\u00e4n ajoterveystutkimuksen lis\u00e4ksi tarvitaan usein ajokyvyn arviointiin erikoistuneen liikenneopettajan vastaanottama ajokyvyn arviointi. Ajokyvyn arvioinnissa tutkitaan k\u00e4yt\u00e4nn\u00f6n ajotilanteessa, miten toimintakyvyn muutokset vaikuttavat turvalliseen ajamiseen. Liikenteess\u00e4 teht\u00e4v\u00e4t ajokyvyn arvioinnit helpottavat l\u00e4\u00e4k\u00e4ri\u00e4 tekem\u00e4\u00e4n ajo-oikeutta koskevia p\u00e4\u00e4t\u00f6ksi\u00e4.<\/p>\r\n<h2>Palveluihimme kuuluvat<\/h2>\r\n<p>Ajokyvyn arviointi. Ajokuntoutus. Liikuntarajoitteisten apuv\u00e4linekartoitus. Liikuntarajoitteisten ajo-opetus. Ammattikuljettajien ty\u00f6kyvyn arviointi<\/p>\r\n<h2><strong>Ajokyvyn arvioitsijat<\/strong><\/h2>\r\n<p>Seppo Tuumi Satakunta<\/p>\r\n<p>0400 590 145<\/p>\r\n<p>seppo@ajokykyarvio.fi<\/p>\r\n<p>Jouni Koli<\/p>\r\n<p>Varsinais-Suomi, Hanko, Raasepori<\/p>\r\n<p>0400 823 535<\/p>\r\n<p>jouni@ajokykyarvio.fi<\/p>\r\n<p>Markku Rintala<\/p>\r\n<p>Tampere, Sein\u00e4joki Akaa, Sastamala<\/p>\r\n<p>0500 663369<\/p>\r\n<p>markku@ajokykyarvio.fi<\/p>\r\n","protected":false},"excerpt":{"rendered":"<p>&nbsp; Ajokyvyn arvioinnit Suomessa Toimintamme perustuu vuosien kokemukseen ja ajoterveyden arvioinnin erityisosaamiseen yhteisty\u00f6ss\u00e4 paikallisten l\u00e4\u00e4k\u00e4reiden kanssa. Olemme ajokyvyn arviointiin erikoistuneita liikenneopettajia ja toimimme valtakunnallisesti. Teemme tutussa ymp\u00e4rist\u00f6ss\u00e4 ja oikeassa ajotilanteessa tapahtuvaa arviointia, jossa selvitet\u00e4\u00e4n kuljettajan toimintakyky turvalliseen ajamiseen. Oikeassa liikenneymp\u00e4rist\u00f6ss\u00e4 teht\u00e4v\u00e4ss\u00e4 ajotilanteessa varmistetaan, ett\u00e4 kuljettaja hallitsee liikennes\u00e4\u00e4nn\u00f6t ja selvitet\u00e4\u00e4n kuljettajan toimintakyky turvalliseen ajamiseen liikenteess\u00e4. L\u00e4\u00e4k\u00e4ri &hellip; <\/p>\n","protected":false},"author":1,"featured_media":0,"parent":0,"menu_order":0,"comment_status":"closed","ping_status":"closed","template":"","meta":[],"_links":{"self":[{"href":"https:\/\/ajokykyarvio.fi\/index.php\/wp-json\/wp\/v2\/pages\/5"}],"collection":[{"href":"https:\/\/ajokykyarvio.fi\/index.php\/wp-json\/wp\/v2\/pages"}],"about":[{"href":"https:\/\/ajokykyarvio.fi\/index.php\/wp-json\/wp\/v2\/types\/page"}],"author":[{"embeddable":true,"href":"https:\/\/ajokykyarvio.fi\/index.php\/wp-json\/wp\/v2\/users\/1"}],"replies":[{"embeddable":true,"href":"https:\/\/ajokykyarvio.fi\/index.php\/wp-json\/wp\/v2\/comments?post=5"}],"version-history":[{"count":2,"href":"https:\/\/ajokykyarvio.fi\/index.php\/wp-json\/wp\/v2\/pages\/5\/revisions"}],"predecessor-version":[{"id":135,"href":"https:\/\/ajokykyarvio.fi\/index.php\/wp-json\/wp\/v2\/pages\/5\/revisions\/135"}],"wp:attachment":[{"href":"https:\/\/ajokykyarvio.fi\/index.php\/wp-json\/wp\/v2\/media?parent=5"}],"curies":[{"name":"wp","href":"https:\/\/api.w.org\/{rel}","templated":true}]}}